{"id":20367,"date":"2023-08-03T17:04:37","date_gmt":"2023-08-03T17:04:37","guid":{"rendered":"https:\/\/lite.smartfense.com\/terminos-y-condiciones-de-uso\/"},"modified":"2023-08-03T17:04:37","modified_gmt":"2023-08-03T17:04:37","slug":"terminos-y-condiciones-de-uso","status":"publish","type":"page","link":"https:\/\/lite.smartfense.com\/es-ar\/terminos-y-condiciones-de-uso\/","title":{"rendered":"T\u00e9rminos y Condiciones de uso"},"content":{"rendered":"<h3 class=\"caracteristicas-contenido\">1. Acerca de este Contrato<\/h3>\n<p class=\"caracteristicas-contenido\">Los presentes T\u00e9rminos y Condiciones regulan la navegaci\u00f3n y correcta utilizaci\u00f3n de los servicios del sitio\u00a0<a href=\"https:\/\/smartfense.com\/\">www.smartfense.com<\/a>\u00a0(en adelante, el \u201csitio web\u201d) por parte de cualquier persona que acceda como usuario (en adelante, Usuario). Por lo tanto, el presente es un Contrato entre el Usuario y DIGITAL CONTENT MACHINE S.A., CUIT 30-71517937-3, con domicilio en calle Salta 182, San Francisco, C\u00f3rdoba, Rep. Argentina (en adelante, la Empresa), una compa\u00f1\u00eda especializada en la capacitaci\u00f3n y concientizaci\u00f3n del capital humano, atendiendo las necesidades de RRHH, IT y Seguridad de la Informaci\u00f3n y convirtiendo a las personas en el eje fundamental de la estrategia de seguridad de la informaci\u00f3n.<\/p>\n<h3 class=\"caracteristicas-contenido\">2. Aceptaci\u00f3n e interpretaci\u00f3n del Contrato<\/h3>\n<p class=\"caracteristicas-contenido\">Estos T\u00e9rminos y Condiciones son de car\u00e1cter obligatorio y vinculante para el Usuario, y constituyen un contrato entre \u00e9ste y la Empresa. Sin embargo, no podr\u00e1 ser interpretado como un contrato de licencia, sociedad, mandato, agencia, ni de cualquier otro tipo. Por lo tanto, la aceptaci\u00f3n implica que el Usuario los ley\u00f3 y los comprendi\u00f3. Si el Usuario no estuviera de acuerdo con estas disposiciones, deber\u00e1 abstenerse de acceder al sitio web y\/o de utilizar cualquiera de sus servicios.<\/p>\n<h3 class=\"caracteristicas-contenido\">3. Servicios ofrecidos<\/h3>\n<p class=\"caracteristicas-contenido\">El sitio web de La Empresa es una plataforma de capacitaci\u00f3n y concientizaci\u00f3n en Seguridad de la Informaci\u00f3n que genera h\u00e1bitos seguros en los usuarios finales. Son soluciones integrales para empresas en:<\/p>\n<ol>\n<li>Capacitaci\u00f3n online (M\u00f3dulos interactivos). Son m\u00f3dulos interactivos de capacitaci\u00f3n con calidad est\u00e9tica profesional y pedag\u00f3gicamente preparados para lograr cambios de h\u00e1bitos permanentes en el personal.<\/li>\n<li>Concientizaci\u00f3n (Newsletters). A trav\u00e9s de un cronograma de env\u00edo de newsletters, el personal estar\u00e1 atento y consciente de los riesgos a los que se expone. Los newsletters son emails dise\u00f1ados con t\u00f3picos actualizados para concientizar de una forma amena y persuasiva.<\/li>\n<li>Simulaci\u00f3n de ataques. Esta herramienta integrada en la plataforma permite crear campa\u00f1as de phishing y ransomware simulado y descubrir cu\u00e1les son los colaboradores de riesgo para evaluar sus hip\u00f3tesis sobre los h\u00e1bitos de seguridad de los usuarios. Permite demostrar el estado actual y avance de los usuarios en relaci\u00f3n a la asimilaci\u00f3n de conocimientos de seguridad.<\/li>\n<li>Ex\u00e1menes y encuestas. A trav\u00e9s de los ex\u00e1menes y encuestas puede complementar la l\u00ednea base de conocimientos establecida con la simulaci\u00f3n de ataques, a la vez que conoce el avance de los usuarios.<\/li>\n<li>Capacitaciones por fuera de la plataforma. Nuestra plataforma le permite registrar otras acciones de capacitaci\u00f3n o concientizaci\u00f3n realizadas de forma presencial o a trav\u00e9s de otros medios, para que pueda tener un control integrado y correlacionar causas y consecuencias.<\/li>\n<\/ol>\n<p>\u00a0<\/p>\n<h3 class=\"caracteristicas-contenido\">4. Obligaciones generales<\/h3>\n<p class=\"caracteristicas-contenido\">Los Usuarios se obligan a utilizar el sitio web en forma responsable. En particular, y, sin que la lista que figura a continuaci\u00f3n implique excluir otros actos, el Usuario se obliga a:<\/p>\n<ol>\n<li>utilizar el sitio web de manera diligente, correcta y l\u00edcita;<\/li>\n<li>respetar la tem\u00e1tica y din\u00e1mica del sitio web, haciendo un uso adecuado de los servicios y contenidos;<\/li>\n<li>abstenerse de asumir una identidad id\u00e9ntica o falsa de otra persona o empresa;<\/li>\n<li>utilizar un lenguaje respetuoso, exento de agravios hacia los dem\u00e1s Usuarios y\/o terceras personas;<\/li>\n<li>abstenerse de copiar, modificar, alterar y\/o manipular el software y\/o utilizar ingenier\u00eda inversa;<\/li>\n<li>respetar todos y cada uno de los derechos que surgen de la titularidad del sitio web y sus contenidos, de conformidad con lo dispuesto en los T\u00e9rminos y Condiciones;<\/li>\n<li>abstenerse de subir al sitio web cualquier contenido en forma o con fines contrarios a la ley, la moral, a las buenas costumbres y\/o al orden p\u00fablico;<\/li>\n<li>abstenerse de efectuar acciones indebidas sobre el sitio web o subir malware, virus o contenido da\u00f1ino o peligroso, o acciones que generen una carga desproporcionada sobre la infraestructura del sitio o demandas de tr\u00e1fico excesivo, que perjudiquen de alguna forma su contenido e infraestructura, el contenido de otros usuarios, etc.<\/li>\n<\/ol>\n<p>\u00a0<\/p>\n<h3 class=\"caracteristicas-contenido\">5. Responsabilidades<\/h3>\n<p class=\"caracteristicas-contenido\">Se deja expresamente manifestado que:<\/p>\n<ol>\n<li>La Empresa no otorga ning\u00fan tipo de garant\u00eda, expresa, impl\u00edcita o de ninguna otra naturaleza, en relaci\u00f3n a la utilizaci\u00f3n del sitio web y\/o de los servicios.<\/li>\n<li>La Empresa se excluye toda responsabilidad por los da\u00f1os y perjuicios de toda naturaleza que pudieran deberse a la falta de utilidad que el Usuario hubiere podido atribuir al servicio contratado.<\/li>\n<li>La Empresa no puede garantizar ni controlar la capacidad legal para contratar de los Usuarios.<\/li>\n<li>La Empresa no se responsabiliza por las decisiones tomadas a partir de la informaci\u00f3n suministrada en el sitio web, ni por los da\u00f1os y perjuicios que puedan producirse con motivo de decisiones que tengan como fundamento la informaci\u00f3n o los datos brindados en el sitio web.<\/li>\n<li>La Empresa no est\u00e1 obligada a tomar medidas o realizar acciones frente a cualquier queja o aviso sobre el incumplimiento de estos T\u00e9rminos y Condiciones por parte de alg\u00fan Usuario. El Usuario entiende y acepta que cualquier falta de acci\u00f3n por parte de los responsables de la Empresa ante un incumplimiento o violaci\u00f3n de alguna disposici\u00f3n de los T\u00e9rminos y Condiciones no implica conformidad con tal actitud.<\/li>\n<\/ol>\n<p>\u00a0<\/p>\n<h3 class=\"caracteristicas-contenido\">6. Privacidad de la informaci\u00f3n personal<\/h3>\n<p class=\"caracteristicas-contenido\">La protecci\u00f3n de los datos personales de los Usuarios y el cumplimiento de la legislaci\u00f3n vigente en la materia es fundamental para la Empresa, que utiliza todos los medios t\u00e9cnicos, de seguridad y legales para el resguardo de la informaci\u00f3n personal de los Usuarios.<br \/>\nPara mayor informaci\u00f3n lea atentamente las\u00a0<a href=\"https:\/\/www.smartfense.com\/es-ar\/politicas-de-privacidad\/\">Pol\u00edticas de Privacidad<\/a>, que forman parte integrante de los presentes\u00a0<a href=\"https:\/\/www.smartfense.com\/es-ar\/terminos-y-condiciones\/\">T\u00e9rminos y Condiciones de Uso<\/a>.<\/p>\n<h3 class=\"caracteristicas-contenido\">7. Propiedad intelectual<\/h3>\n<p class=\"caracteristicas-contenido\">El sitio web y todos sus contenidos, incluyendo el dise\u00f1o de la p\u00e1gina, dominios, redes sociales, perfiles y canales oficiales, las marcas, nombres comerciales, textos, gr\u00e1ficos, templates, logos, im\u00e1genes, \u00edconos, software, c\u00f3digo fuente, productos y servicios, est\u00e1n protegidos por la legislaci\u00f3n vigente en materia de propiedad intelectual e industrial siendo directa o indirectamente propiedad de la Empresa o de los licenciatarios autorizados por cesi\u00f3n expresa de sus titulares. Por este motivo, no podr\u00e1n ser objeto de explotaci\u00f3n, copia, distribuci\u00f3n, reproducci\u00f3n, modificaci\u00f3n, transformaci\u00f3n, cesi\u00f3n o comunicaci\u00f3n p\u00fablica, salvo autorizaci\u00f3n previa y expresa de la Empresa.<br \/>\nSe advierte que el uso no autorizado o para fines il\u00edcitos o inmorales del material mencionado, supone una violaci\u00f3n a la ley y la Empresa se reserva el derecho de ejercer las acciones judiciales que por derecho correspondan contra quienes hayan infringido o violado los derechos amparados por este punto.<br \/>\nSi el Usuario considera que el sitio web atenta de alg\u00fan modo contra derechos de propiedad intelectual de terceros, deber\u00e1 notificarlo de inmediato mediante correo a info@smartfense.com, acompa\u00f1ando la informaci\u00f3n y documentaci\u00f3n necesaria que respalde dicha consideraci\u00f3n. En caso que la Empresa compruebe dicha situaci\u00f3n, la informaci\u00f3n ser\u00e1 sometida a an\u00e1lisis para su eventual remoci\u00f3n.<br \/>\nLos Usuarios reconocen el derecho de La Empresa de utilizar libremente los contenidos que los Usuarios hayan ingresado al sitio web o enviado por correo electr\u00f3nico, para fines publicitarios, de promoci\u00f3n, e-mail marketing y\/o estad\u00edsticos.<\/p>\n<h3 class=\"caracteristicas-contenido\">8. Enlaces de terceros<\/h3>\n<p class=\"caracteristicas-contenido\">El sitio web eventualmente podr\u00e1 contar con enlaces de terceros. Cuando el Usuario acceda a los mismos e ingrese en otros sitios que no pertenezcan a la Empresa estar\u00e1 sujeto a los t\u00e9rminos y condiciones de dichos sitios y el Usuario deber\u00e1 leerlo detenidamente.<br \/>\nLa Empresa no ejerce ning\u00fan tipo de control sobre esos sitios ni sus contenidos y, por lo tanto, no asume responsabilidad alguna ni garantiza la legalidad, actualidad, calidad ni utilidad de los contenidos, operaciones e informaciones que se comuniquen, reproduzcan y\/o realicen en sitios enlazados de terceros ni la ausencia de nocividad de tales contenidos, por lo que el Usuario exime de toda responsabilidad a la Empresa por los contenidos incluidos en los referidos sitios o los servicios que en ellos se brindan o promocionan.<\/p>\n<h3 class=\"caracteristicas-contenido\">9. Medidas de Seguridad<\/h3>\n<p class=\"caracteristicas-contenido\">La Empresa implementa por s\u00ed o a trav\u00e9s de terceros medidas de seguridad para el sitio web que protejan su propia informaci\u00f3n y la de sus Usuarios. Sin embargo, La Empresa no garantiza fehacientemente que el sitio web se encuentre libre de errores o cualquier malware inform\u00e1tico que pueda llegar a destruir, da\u00f1ar o alterar el normal funcionamiento de alg\u00fan dispositivo o sistema. Por lo tanto, es responsabilidad y obligaci\u00f3n exclusiva del Usuario contar con las herramientas inform\u00e1ticas adecuadas para detectar, eliminar y desinfectar el malware, con el fin de prevenir cualquier tipo de elementos de esta naturaleza.<br \/>\nAs\u00ed, la Empresa no se responsabiliza por los da\u00f1os que puedan producirse en los dispositivos o sistemas inform\u00e1ticos del Usuario o de terceros como consecuencia de la navegaci\u00f3n o utilizaci\u00f3n del sitio web, ni est\u00e1 obligada a hacerse cargo de las p\u00e9rdidas, costos o gastos que se derive de estos hechos.<\/p>\n<h3 class=\"caracteristicas-contenido\">10. Modificaci\u00f3n del Contrato<\/h3>\n<p class=\"caracteristicas-contenido\">Estos T\u00e9rminos y Condiciones podr\u00e1n ser modificados o sustituidos en cualquier momento y a exclusivo criterio de la Empresa y las modificaciones entrar\u00e1n en vigencia desde su publicaci\u00f3n en el sitio web. La utilizaci\u00f3n que el Usuario haga con posterioridad a dicha publicaci\u00f3n constituir\u00e1 la aceptaci\u00f3n a la misma.<\/p>\n<h3 class=\"caracteristicas-contenido\">11. Jurisdicci\u00f3n y ley aplicable<\/h3>\n<p class=\"caracteristicas-contenido\">Los presentes T\u00e9rminos y Condiciones se encuentran regidos sin excepci\u00f3n y en todos sus puntos por las leyes de la Rep\u00fablica Argentina y ser\u00e1n interpretados de acuerdo a ellas.<br \/>\nAnte cualquier diferencia, desacuerdo o conflicto derivado de la interpretaci\u00f3n, validez, alcance y\/o aplicaci\u00f3n de los presentes T\u00e9rminos y Condiciones, el Usuario se comunicar\u00e1 con los responsables de la Empresa de manera fehaciente, haci\u00e9ndole llegar su reclamo, para que las partes traten de arribar a un acuerdo en el plazo de treinta d\u00edas corridos desde la notificaci\u00f3n de la controversia. En caso de que no sea posible arribar a una soluci\u00f3n amigable, en el plazo mencionado, las partes se someter\u00e1n a los Tribunales ordinarios de la ciudad de San Francisco, Provincia de C\u00f3rdoba, Rep\u00fablica Argentina, con competencia en la materia.<\/p>\n<p class=\"caracteristicas-contenido\"><i>\u00daltima modificaci\u00f3n: 1 de marzo de 2022.<\/i><\/p>\n","protected":false},"excerpt":{"rendered":"<p>1. Acerca de este Contrato Los presentes T\u00e9rminos y Condiciones regulan la navegaci\u00f3n y correcta utilizaci\u00f3n de los servicios del sitio\u00a0www.smartfense.com\u00a0(en adelante, el \u201csitio web\u201d) por parte de cualquier persona que acceda como usuario (en adelante, Usuario). Por lo tanto, el presente es un Contrato entre el Usuario y DIGITAL CONTENT MACHINE S.A., CUIT 30-71517937-3, [&hellip;]<\/p>\n","protected":false},"author":1,"featured_media":8964,"parent":0,"menu_order":0,"comment_status":"closed","ping_status":"closed","template":"","meta":{"footnotes":""},"class_list":["post-20367","page","type-page","status-publish","has-post-thumbnail","hentry"],"yoast_head":"<!-- This site is optimized with the Yoast SEO plugin v27.5 - https:\/\/yoast.com\/product\/yoast-seo-wordpress\/ -->\n<title>T\u00e9rminos y Condiciones de uso - SMARTFENSE - Hardening de usuarios<\/title>\n<meta name=\"robots\" content=\"index, follow, max-snippet:-1, max-image-preview:large, max-video-preview:-1\" \/>\n<link rel=\"canonical\" href=\"https:\/\/lite.smartfense.com\/es-ar\/terminos-y-condiciones-de-uso\/\" \/>\n<meta property=\"og:locale\" content=\"es_ES\" \/>\n<meta property=\"og:type\" content=\"article\" \/>\n<meta property=\"og:title\" content=\"T\u00e9rminos y Condiciones de uso - SMARTFENSE - Hardening de usuarios\" \/>\n<meta property=\"og:description\" content=\"1. Acerca de este Contrato Los presentes T\u00e9rminos y Condiciones regulan la navegaci\u00f3n y correcta utilizaci\u00f3n de los servicios del sitio\u00a0www.smartfense.com\u00a0(en adelante, el \u201csitio web\u201d) por parte de cualquier persona que acceda como usuario (en adelante, Usuario). Por lo tanto, el presente es un Contrato entre el Usuario y DIGITAL CONTENT MACHINE S.A., CUIT 30-71517937-3, [&hellip;]\" \/>\n<meta property=\"og:url\" content=\"https:\/\/lite.smartfense.com\/es-ar\/terminos-y-condiciones-de-uso\/\" \/>\n<meta property=\"og:site_name\" content=\"SMARTFENSE - Hardening de usuarios\" \/>\n<meta property=\"og:image\" content=\"https:\/\/lite.smartfense.com\/wp-content\/uploads\/2023\/04\/por-que-smartfense-es-la-plataforma.jpg\" \/>\n\t<meta property=\"og:image:width\" content=\"1200\" \/>\n\t<meta property=\"og:image:height\" content=\"630\" \/>\n\t<meta property=\"og:image:type\" content=\"image\/jpeg\" \/>\n<meta name=\"twitter:card\" content=\"summary_large_image\" \/>\n<meta name=\"twitter:label1\" content=\"Tiempo de lectura\" \/>\n\t<meta name=\"twitter:data1\" content=\"9 minutos\" \/>\n<script type=\"application\/ld+json\" class=\"yoast-schema-graph\">{\"@context\":\"https:\\\/\\\/schema.org\",\"@graph\":[{\"@type\":\"WebPage\",\"@id\":\"https:\\\/\\\/lite.smartfense.com\\\/es-ar\\\/terminos-y-condiciones-de-uso\\\/\",\"url\":\"https:\\\/\\\/lite.smartfense.com\\\/es-ar\\\/terminos-y-condiciones-de-uso\\\/\",\"name\":\"T\u00e9rminos y Condiciones de uso - SMARTFENSE - Hardening de usuarios\",\"isPartOf\":{\"@id\":\"https:\\\/\\\/lite.smartfense.com\\\/es-ar\\\/#website\"},\"primaryImageOfPage\":{\"@id\":\"https:\\\/\\\/lite.smartfense.com\\\/es-ar\\\/terminos-y-condiciones-de-uso\\\/#primaryimage\"},\"image\":{\"@id\":\"https:\\\/\\\/lite.smartfense.com\\\/es-ar\\\/terminos-y-condiciones-de-uso\\\/#primaryimage\"},\"thumbnailUrl\":\"https:\\\/\\\/lite.smartfense.com\\\/wp-content\\\/uploads\\\/2023\\\/04\\\/por-que-smartfense-es-la-plataforma.jpg\",\"datePublished\":\"2023-08-03T17:04:37+00:00\",\"breadcrumb\":{\"@id\":\"https:\\\/\\\/lite.smartfense.com\\\/es-ar\\\/terminos-y-condiciones-de-uso\\\/#breadcrumb\"},\"inLanguage\":\"es-AR\",\"potentialAction\":[{\"@type\":\"ReadAction\",\"target\":[\"https:\\\/\\\/lite.smartfense.com\\\/es-ar\\\/terminos-y-condiciones-de-uso\\\/\"]}]},{\"@type\":\"ImageObject\",\"inLanguage\":\"es-AR\",\"@id\":\"https:\\\/\\\/lite.smartfense.com\\\/es-ar\\\/terminos-y-condiciones-de-uso\\\/#primaryimage\",\"url\":\"https:\\\/\\\/lite.smartfense.com\\\/wp-content\\\/uploads\\\/2023\\\/04\\\/por-que-smartfense-es-la-plataforma.jpg\",\"contentUrl\":\"https:\\\/\\\/lite.smartfense.com\\\/wp-content\\\/uploads\\\/2023\\\/04\\\/por-que-smartfense-es-la-plataforma.jpg\",\"width\":1200,\"height\":630},{\"@type\":\"BreadcrumbList\",\"@id\":\"https:\\\/\\\/lite.smartfense.com\\\/es-ar\\\/terminos-y-condiciones-de-uso\\\/#breadcrumb\",\"itemListElement\":[{\"@type\":\"ListItem\",\"position\":1,\"name\":\"Portada\",\"item\":\"https:\\\/\\\/lite.smartfense.com\\\/es-ar\\\/\"},{\"@type\":\"ListItem\",\"position\":2,\"name\":\"T\u00e9rminos y Condiciones de uso\"}]},{\"@type\":\"WebSite\",\"@id\":\"https:\\\/\\\/lite.smartfense.com\\\/es-ar\\\/#website\",\"url\":\"https:\\\/\\\/lite.smartfense.com\\\/es-ar\\\/\",\"name\":\"SMARTFENSE - Hardening de usuarios\",\"description\":\"\",\"publisher\":{\"@id\":\"https:\\\/\\\/lite.smartfense.com\\\/es-ar\\\/#organization\"},\"potentialAction\":[{\"@type\":\"SearchAction\",\"target\":{\"@type\":\"EntryPoint\",\"urlTemplate\":\"https:\\\/\\\/lite.smartfense.com\\\/es-ar\\\/?s={search_term_string}\"},\"query-input\":{\"@type\":\"PropertyValueSpecification\",\"valueRequired\":true,\"valueName\":\"search_term_string\"}}],\"inLanguage\":\"es-AR\"},{\"@type\":\"Organization\",\"@id\":\"https:\\\/\\\/lite.smartfense.com\\\/es-ar\\\/#organization\",\"name\":\"SMARTFENSE\",\"url\":\"https:\\\/\\\/lite.smartfense.com\\\/es-ar\\\/\",\"logo\":{\"@type\":\"ImageObject\",\"inLanguage\":\"es-AR\",\"@id\":\"https:\\\/\\\/lite.smartfense.com\\\/es-ar\\\/#\\\/schema\\\/logo\\\/image\\\/\",\"url\":\"https:\\\/\\\/lite.smartfense.com\\\/wp-content\\\/uploads\\\/2023\\\/08\\\/logo-smartfense-240x40-1.png\",\"contentUrl\":\"https:\\\/\\\/lite.smartfense.com\\\/wp-content\\\/uploads\\\/2023\\\/08\\\/logo-smartfense-240x40-1.png\",\"width\":241,\"height\":40,\"caption\":\"SMARTFENSE\"},\"image\":{\"@id\":\"https:\\\/\\\/lite.smartfense.com\\\/es-ar\\\/#\\\/schema\\\/logo\\\/image\\\/\"}}]}<\/script>\n<!-- \/ Yoast SEO plugin. -->","yoast_head_json":{"title":"T\u00e9rminos y Condiciones de uso - SMARTFENSE - Hardening de usuarios","robots":{"index":"index","follow":"follow","max-snippet":"max-snippet:-1","max-image-preview":"max-image-preview:large","max-video-preview":"max-video-preview:-1"},"canonical":"https:\/\/lite.smartfense.com\/es-ar\/terminos-y-condiciones-de-uso\/","og_locale":"es_ES","og_type":"article","og_title":"T\u00e9rminos y Condiciones de uso - SMARTFENSE - Hardening de usuarios","og_description":"1. Acerca de este Contrato Los presentes T\u00e9rminos y Condiciones regulan la navegaci\u00f3n y correcta utilizaci\u00f3n de los servicios del sitio\u00a0www.smartfense.com\u00a0(en adelante, el \u201csitio web\u201d) por parte de cualquier persona que acceda como usuario (en adelante, Usuario). Por lo tanto, el presente es un Contrato entre el Usuario y DIGITAL CONTENT MACHINE S.A., CUIT 30-71517937-3, [&hellip;]","og_url":"https:\/\/lite.smartfense.com\/es-ar\/terminos-y-condiciones-de-uso\/","og_site_name":"SMARTFENSE - Hardening de usuarios","og_image":[{"width":1200,"height":630,"url":"https:\/\/lite.smartfense.com\/wp-content\/uploads\/2023\/04\/por-que-smartfense-es-la-plataforma.jpg","type":"image\/jpeg"}],"twitter_card":"summary_large_image","twitter_misc":{"Tiempo de lectura":"9 minutos"},"schema":{"@context":"https:\/\/schema.org","@graph":[{"@type":"WebPage","@id":"https:\/\/lite.smartfense.com\/es-ar\/terminos-y-condiciones-de-uso\/","url":"https:\/\/lite.smartfense.com\/es-ar\/terminos-y-condiciones-de-uso\/","name":"T\u00e9rminos y Condiciones de uso - SMARTFENSE - Hardening de usuarios","isPartOf":{"@id":"https:\/\/lite.smartfense.com\/es-ar\/#website"},"primaryImageOfPage":{"@id":"https:\/\/lite.smartfense.com\/es-ar\/terminos-y-condiciones-de-uso\/#primaryimage"},"image":{"@id":"https:\/\/lite.smartfense.com\/es-ar\/terminos-y-condiciones-de-uso\/#primaryimage"},"thumbnailUrl":"https:\/\/lite.smartfense.com\/wp-content\/uploads\/2023\/04\/por-que-smartfense-es-la-plataforma.jpg","datePublished":"2023-08-03T17:04:37+00:00","breadcrumb":{"@id":"https:\/\/lite.smartfense.com\/es-ar\/terminos-y-condiciones-de-uso\/#breadcrumb"},"inLanguage":"es-AR","potentialAction":[{"@type":"ReadAction","target":["https:\/\/lite.smartfense.com\/es-ar\/terminos-y-condiciones-de-uso\/"]}]},{"@type":"ImageObject","inLanguage":"es-AR","@id":"https:\/\/lite.smartfense.com\/es-ar\/terminos-y-condiciones-de-uso\/#primaryimage","url":"https:\/\/lite.smartfense.com\/wp-content\/uploads\/2023\/04\/por-que-smartfense-es-la-plataforma.jpg","contentUrl":"https:\/\/lite.smartfense.com\/wp-content\/uploads\/2023\/04\/por-que-smartfense-es-la-plataforma.jpg","width":1200,"height":630},{"@type":"BreadcrumbList","@id":"https:\/\/lite.smartfense.com\/es-ar\/terminos-y-condiciones-de-uso\/#breadcrumb","itemListElement":[{"@type":"ListItem","position":1,"name":"Portada","item":"https:\/\/lite.smartfense.com\/es-ar\/"},{"@type":"ListItem","position":2,"name":"T\u00e9rminos y Condiciones de uso"}]},{"@type":"WebSite","@id":"https:\/\/lite.smartfense.com\/es-ar\/#website","url":"https:\/\/lite.smartfense.com\/es-ar\/","name":"SMARTFENSE - Hardening de usuarios","description":"","publisher":{"@id":"https:\/\/lite.smartfense.com\/es-ar\/#organization"},"potentialAction":[{"@type":"SearchAction","target":{"@type":"EntryPoint","urlTemplate":"https:\/\/lite.smartfense.com\/es-ar\/?s={search_term_string}"},"query-input":{"@type":"PropertyValueSpecification","valueRequired":true,"valueName":"search_term_string"}}],"inLanguage":"es-AR"},{"@type":"Organization","@id":"https:\/\/lite.smartfense.com\/es-ar\/#organization","name":"SMARTFENSE","url":"https:\/\/lite.smartfense.com\/es-ar\/","logo":{"@type":"ImageObject","inLanguage":"es-AR","@id":"https:\/\/lite.smartfense.com\/es-ar\/#\/schema\/logo\/image\/","url":"https:\/\/lite.smartfense.com\/wp-content\/uploads\/2023\/08\/logo-smartfense-240x40-1.png","contentUrl":"https:\/\/lite.smartfense.com\/wp-content\/uploads\/2023\/08\/logo-smartfense-240x40-1.png","width":241,"height":40,"caption":"SMARTFENSE"},"image":{"@id":"https:\/\/lite.smartfense.com\/es-ar\/#\/schema\/logo\/image\/"}}]}},"_links":{"self":[{"href":"https:\/\/lite.smartfense.com\/es-ar\/wp-json\/wp\/v2\/pages\/20367","targetHints":{"allow":["GET"]}}],"collection":[{"href":"https:\/\/lite.smartfense.com\/es-ar\/wp-json\/wp\/v2\/pages"}],"about":[{"href":"https:\/\/lite.smartfense.com\/es-ar\/wp-json\/wp\/v2\/types\/page"}],"author":[{"embeddable":true,"href":"https:\/\/lite.smartfense.com\/es-ar\/wp-json\/wp\/v2\/users\/1"}],"replies":[{"embeddable":true,"href":"https:\/\/lite.smartfense.com\/es-ar\/wp-json\/wp\/v2\/comments?post=20367"}],"version-history":[{"count":0,"href":"https:\/\/lite.smartfense.com\/es-ar\/wp-json\/wp\/v2\/pages\/20367\/revisions"}],"wp:featuredmedia":[{"embeddable":true,"href":"https:\/\/lite.smartfense.com\/es-ar\/wp-json\/wp\/v2\/media\/8964"}],"wp:attachment":[{"href":"https:\/\/lite.smartfense.com\/es-ar\/wp-json\/wp\/v2\/media?parent=20367"}],"curies":[{"name":"wp","href":"https:\/\/api.w.org\/{rel}","templated":true}]}}